{"id":94,"date":"2022-07-16T08:12:04","date_gmt":"2022-07-16T08:12:04","guid":{"rendered":"http:\/\/dev.galbaia.com\/?post_type=product&#038;p=94"},"modified":"2025-07-08T11:24:30","modified_gmt":"2025-07-08T09:24:30","slug":"phytogal-face-vlazilna-krema-50-ml","status":"publish","type":"product","link":"https:\/\/galbaia.com\/sl\/izdelek\/phytogal-face-vlazilna-krema-50-ml\/","title":{"rendered":"PhytoGal (F)ACE vla\u017eilna krema 50 ml"},"content":{"rendered":"","protected":false},"excerpt":{"rendered":"<p> [&#8230;]<\/p>\n<p><a class=\"btn btn-secondary understrap-read-more-link\" href=\"https:\/\/galbaia.com\/sl\/izdelek\/phytogal-face-vlazilna-krema-50-ml\/\">Preberi ve\u010d&#8230;<\/a><\/p>\n","protected":false},"featured_media":11903,"comment_status":"open","ping_status":"closed","template":"","meta":[],"product_cat":[30],"product_tag":[],"giftcard-category":[],"class_list":["post-94","product","type-product","status-publish","has-post-thumbnail","hentry","product_cat-kreme","product_shipping_class-brezplacna-dostava-2"],"yoast_head":"<!-- This site is optimized with the Yoast SEO plugin v21.8.1 - https:\/\/yoast.com\/wordpress\/plugins\/seo\/ -->\n<title>PhytoGal (F)ACE vla\u017eilna krema 50 ml - GalBaia<\/title>\n<meta name=\"robots\" content=\"index, follow, max-snippet:-1, max-image-preview:large, max-video-preview:-1\" \/>\n<link rel=\"canonical\" href=\"https:\/\/galbaia.com\/sl\/izdelek\/phytogal-face-treatment-moisturizer-50-ml\/\" \/>\n<meta property=\"og:locale\" content=\"sl_SI\" \/>\n<meta property=\"og:type\" content=\"article\" \/>\n<meta property=\"og:title\" content=\"PhytoGal (F)ACE vla\u017eilna krema 50 ml - GalBaia\" \/>\n<meta property=\"og:description\" content=\"[...]Preberi ve\u010d...\" \/>\n<meta property=\"og:url\" content=\"https:\/\/galbaia.com\/sl\/izdelek\/phytogal-face-treatment-moisturizer-50-ml\/\" \/>\n<meta property=\"og:site_name\" content=\"GalBaia\" \/>\n<meta property=\"article:modified_time\" content=\"2025-07-08T09:24:30+00:00\" \/>\n<meta property=\"og:image\" content=\"https:\/\/galbaia.com\/wp-content\/uploads\/2022\/07\/Galbaia_Instagram_nagrade_Spletna_Shop_50ml_2.jpg\" \/>\n\t<meta property=\"og:image:width\" content=\"690\" \/>\n\t<meta property=\"og:image:height\" content=\"791\" \/>\n\t<meta property=\"og:image:type\" content=\"image\/jpeg\" \/>\n<meta name=\"twitter:card\" content=\"summary_large_image\" \/>\n<script type=\"application\/ld+json\" class=\"yoast-schema-graph\">{\"@context\":\"https:\/\/schema.org\",\"@graph\":[{\"@type\":\"WebPage\",\"@id\":\"https:\/\/galbaia.com\/sl\/izdelek\/phytogal-face-treatment-moisturizer-50-ml\/\",\"url\":\"https:\/\/galbaia.com\/sl\/izdelek\/phytogal-face-treatment-moisturizer-50-ml\/\",\"name\":\"PhytoGal (F)ACE vla\u017eilna krema 50 ml - GalBaia\",\"isPartOf\":{\"@id\":\"https:\/\/galbaia.com\/#website\"},\"datePublished\":\"2022-07-16T08:12:04+00:00\",\"dateModified\":\"2025-07-08T09:24:30+00:00\",\"breadcrumb\":{\"@id\":\"https:\/\/galbaia.com\/sl\/izdelek\/phytogal-face-treatment-moisturizer-50-ml\/#breadcrumb\"},\"inLanguage\":\"sl-SI\",\"potentialAction\":[{\"@type\":\"ReadAction\",\"target\":[\"https:\/\/galbaia.com\/sl\/izdelek\/phytogal-face-treatment-moisturizer-50-ml\/\"]}]},{\"@type\":\"BreadcrumbList\",\"@id\":\"https:\/\/galbaia.com\/sl\/izdelek\/phytogal-face-treatment-moisturizer-50-ml\/#breadcrumb\",\"itemListElement\":[{\"@type\":\"ListItem\",\"position\":1,\"name\":\"Home\",\"item\":\"https:\/\/galbaia.com\/sl\/\"},{\"@type\":\"ListItem\",\"position\":2,\"name\":\"Trgovina\",\"item\":\"https:\/\/galbaia.com\/sl\/trgovina\/\"},{\"@type\":\"ListItem\",\"position\":3,\"name\":\"PhytoGal (F)ACE treatment moisturizer 50 ml\"}]},{\"@type\":\"WebSite\",\"@id\":\"https:\/\/galbaia.com\/#website\",\"url\":\"https:\/\/galbaia.com\/\",\"name\":\"GalBaia\",\"description\":\"Za vas in za va\u0161o ko\u017eo - lepota iz narave za va\u0161o lepoto.\",\"potentialAction\":[{\"@type\":\"SearchAction\",\"target\":{\"@type\":\"EntryPoint\",\"urlTemplate\":\"https:\/\/galbaia.com\/?s={search_term_string}\"},\"query-input\":\"required name=search_term_string\"}],\"inLanguage\":\"sl-SI\"}]}<\/script>\n<!-- \/ Yoast SEO plugin. -->","yoast_head_json":{"title":"PhytoGal (F)ACE vla\u017eilna krema 50 ml - GalBaia","robots":{"index":"index","follow":"follow","max-snippet":"max-snippet:-1","max-image-preview":"max-image-preview:large","max-video-preview":"max-video-preview:-1"},"canonical":"https:\/\/galbaia.com\/sl\/izdelek\/phytogal-face-treatment-moisturizer-50-ml\/","og_locale":"sl_SI","og_type":"article","og_title":"PhytoGal (F)ACE vla\u017eilna krema 50 ml - GalBaia","og_description":"[...]Preberi ve\u010d...","og_url":"https:\/\/galbaia.com\/sl\/izdelek\/phytogal-face-treatment-moisturizer-50-ml\/","og_site_name":"GalBaia","article_modified_time":"2025-07-08T09:24:30+00:00","og_image":[{"width":690,"height":791,"url":"https:\/\/galbaia.com\/wp-content\/uploads\/2022\/07\/Galbaia_Instagram_nagrade_Spletna_Shop_50ml_2.jpg","type":"image\/jpeg"}],"twitter_card":"summary_large_image","schema":{"@context":"https:\/\/schema.org","@graph":[{"@type":"WebPage","@id":"https:\/\/galbaia.com\/sl\/izdelek\/phytogal-face-treatment-moisturizer-50-ml\/","url":"https:\/\/galbaia.com\/sl\/izdelek\/phytogal-face-treatment-moisturizer-50-ml\/","name":"PhytoGal (F)ACE vla\u017eilna krema 50 ml - GalBaia","isPartOf":{"@id":"https:\/\/galbaia.com\/#website"},"datePublished":"2022-07-16T08:12:04+00:00","dateModified":"2025-07-08T09:24:30+00:00","breadcrumb":{"@id":"https:\/\/galbaia.com\/sl\/izdelek\/phytogal-face-treatment-moisturizer-50-ml\/#breadcrumb"},"inLanguage":"sl-SI","potentialAction":[{"@type":"ReadAction","target":["https:\/\/galbaia.com\/sl\/izdelek\/phytogal-face-treatment-moisturizer-50-ml\/"]}]},{"@type":"BreadcrumbList","@id":"https:\/\/galbaia.com\/sl\/izdelek\/phytogal-face-treatment-moisturizer-50-ml\/#breadcrumb","itemListElement":[{"@type":"ListItem","position":1,"name":"Home","item":"https:\/\/galbaia.com\/sl\/"},{"@type":"ListItem","position":2,"name":"Trgovina","item":"https:\/\/galbaia.com\/sl\/trgovina\/"},{"@type":"ListItem","position":3,"name":"PhytoGal (F)ACE treatment moisturizer 50 ml"}]},{"@type":"WebSite","@id":"https:\/\/galbaia.com\/#website","url":"https:\/\/galbaia.com\/","name":"GalBaia","description":"Za vas in za va\u0161o ko\u017eo - lepota iz narave za va\u0161o lepoto.","potentialAction":[{"@type":"SearchAction","target":{"@type":"EntryPoint","urlTemplate":"https:\/\/galbaia.com\/?s={search_term_string}"},"query-input":"required name=search_term_string"}],"inLanguage":"sl-SI"}]}},"_links":{"self":[{"href":"https:\/\/galbaia.com\/sl\/wp-json\/wp\/v3\/product\/94","targetHints":{"allow":["GET"]}}],"collection":[{"href":"https:\/\/galbaia.com\/sl\/wp-json\/wp\/v3\/product"}],"about":[{"href":"https:\/\/galbaia.com\/sl\/wp-json\/wp\/v2\/types\/product"}],"replies":[{"embeddable":true,"href":"https:\/\/galbaia.com\/sl\/wp-json\/wp\/v2\/comments?post=94"}],"wp:featuredmedia":[{"embeddable":true,"href":"https:\/\/galbaia.com\/sl\/wp-json\/wp\/v2\/media\/11903"}],"wp:attachment":[{"href":"https:\/\/galbaia.com\/sl\/wp-json\/wp\/v2\/media?parent=94"}],"wp:term":[{"taxonomy":"product_cat","embeddable":true,"href":"https:\/\/galbaia.com\/sl\/wp-json\/wp\/v2\/product_cat?post=94"},{"taxonomy":"product_tag","embeddable":true,"href":"https:\/\/galbaia.com\/sl\/wp-json\/wp\/v2\/product_tag?post=94"},{"taxonomy":"giftcard-category","embeddable":true,"href":"https:\/\/galbaia.com\/sl\/wp-json\/wp\/v2\/giftcard-category?post=94"}],"curies":[{"name":"wp","href":"https:\/\/api.w.org\/{rel}","templated":true}]}}