{"id":365,"date":"2022-08-06T11:48:16","date_gmt":"2022-08-06T11:48:16","guid":{"rendered":"http:\/\/dev.galbaia.com\/?post_type=product&#038;p=365"},"modified":"2023-07-18T08:20:41","modified_gmt":"2023-07-18T08:20:41","slug":"darilna-kartica-popolno-darilo-za-vase-najblizje","status":"publish","type":"product","link":"https:\/\/galbaia.com\/sl\/izdelek\/darilna-kartica-popolno-darilo-za-vase-najblizje\/","title":{"rendered":"Darilna kartica &#8211; popolno darilo za va\u0161e najbli\u017eje"},"content":{"rendered":"","protected":false},"excerpt":{"rendered":"<p> [&#8230;]<\/p>\n<p><a class=\"btn btn-secondary understrap-read-more-link\" href=\"https:\/\/galbaia.com\/sl\/izdelek\/darilna-kartica-popolno-darilo-za-vase-najblizje\/\">Preberi ve\u010d&#8230;<\/a><\/p>\n","protected":false},"featured_media":655,"comment_status":"closed","ping_status":"closed","template":"","meta":[],"product_cat":[38],"product_tag":[],"giftcard-category":[57],"class_list":["post-365","product","type-product","status-publish","has-post-thumbnail","hentry","product_cat-darilna-kartica","giftcard-category-all"],"yoast_head":"<!-- This site is optimized with the Yoast SEO plugin v21.8.1 - https:\/\/yoast.com\/wordpress\/plugins\/seo\/ -->\n<title>Darilna kartica - popolno darilo za va\u0161e najbli\u017eje - GalBaia<\/title>\n<meta name=\"description\" content=\"e-Darilna kartica. Vam je zmanjkalo \u010dasa ali nimate ideje za nakup darila za va\u0161e najdra\u017eje? Poklonite jim darilno kartico in jih prijetno presenetite!\" \/>\n<meta name=\"robots\" content=\"index, follow, max-snippet:-1, max-image-preview:large, max-video-preview:-1\" \/>\n<link rel=\"canonical\" href=\"https:\/\/galbaia.com\/sl\/izdelek\/darilna-kartica-popolno-darilo-za-vase-najblizje\/\" \/>\n<meta property=\"og:locale\" content=\"sl_SI\" \/>\n<meta property=\"og:type\" content=\"article\" \/>\n<meta property=\"og:title\" content=\"Darilna kartica - popolno darilo za va\u0161e najbli\u017eje - GalBaia\" \/>\n<meta property=\"og:description\" content=\"e-Darilna kartica. Vam je zmanjkalo \u010dasa ali nimate ideje za nakup darila za va\u0161e najdra\u017eje? Poklonite jim darilno kartico in jih prijetno presenetite!\" \/>\n<meta property=\"og:url\" content=\"https:\/\/galbaia.com\/sl\/izdelek\/darilna-kartica-popolno-darilo-za-vase-najblizje\/\" \/>\n<meta property=\"og:site_name\" content=\"GalBaia\" \/>\n<meta property=\"article:modified_time\" content=\"2023-07-18T08:20:41+00:00\" \/>\n<meta property=\"og:image\" content=\"https:\/\/galbaia.com\/wp-content\/uploads\/2022\/08\/Galbaia_GiftCard_Slo.jpg\" \/>\n\t<meta property=\"og:image:width\" content=\"699\" \/>\n\t<meta property=\"og:image:height\" content=\"803\" \/>\n\t<meta property=\"og:image:type\" content=\"image\/jpeg\" \/>\n<meta name=\"twitter:card\" content=\"summary_large_image\" \/>\n<script type=\"application\/ld+json\" class=\"yoast-schema-graph\">{\"@context\":\"https:\/\/schema.org\",\"@graph\":[{\"@type\":\"WebPage\",\"@id\":\"https:\/\/galbaia.com\/sl\/izdelek\/darilna-kartica-popolno-darilo-za-vase-najblizje\/\",\"url\":\"https:\/\/galbaia.com\/sl\/izdelek\/darilna-kartica-popolno-darilo-za-vase-najblizje\/\",\"name\":\"Darilna kartica - popolno darilo za va\u0161e najbli\u017eje - GalBaia\",\"isPartOf\":{\"@id\":\"https:\/\/galbaia.com\/#website\"},\"datePublished\":\"2022-08-06T11:48:16+00:00\",\"dateModified\":\"2023-07-18T08:20:41+00:00\",\"description\":\"e-Darilna kartica. Vam je zmanjkalo \u010dasa ali nimate ideje za nakup darila za va\u0161e najdra\u017eje? Poklonite jim darilno kartico in jih prijetno presenetite!\",\"breadcrumb\":{\"@id\":\"https:\/\/galbaia.com\/sl\/izdelek\/darilna-kartica-popolno-darilo-za-vase-najblizje\/#breadcrumb\"},\"inLanguage\":\"sl-SI\",\"potentialAction\":[{\"@type\":\"ReadAction\",\"target\":[\"https:\/\/galbaia.com\/sl\/izdelek\/darilna-kartica-popolno-darilo-za-vase-najblizje\/\"]}]},{\"@type\":\"BreadcrumbList\",\"@id\":\"https:\/\/galbaia.com\/sl\/izdelek\/darilna-kartica-popolno-darilo-za-vase-najblizje\/#breadcrumb\",\"itemListElement\":[{\"@type\":\"ListItem\",\"position\":1,\"name\":\"Home\",\"item\":\"https:\/\/galbaia.com\/sl\/\"},{\"@type\":\"ListItem\",\"position\":2,\"name\":\"Trgovina\",\"item\":\"https:\/\/galbaia.com\/sl\/trgovina\/\"},{\"@type\":\"ListItem\",\"position\":3,\"name\":\"Darilna kartica &#8211; popolno darilo za va\u0161e najbli\u017eje\"}]},{\"@type\":\"WebSite\",\"@id\":\"https:\/\/galbaia.com\/#website\",\"url\":\"https:\/\/galbaia.com\/\",\"name\":\"GalBaia\",\"description\":\"Za vas in za va\u0161o ko\u017eo - lepota iz narave za va\u0161o lepoto.\",\"potentialAction\":[{\"@type\":\"SearchAction\",\"target\":{\"@type\":\"EntryPoint\",\"urlTemplate\":\"https:\/\/galbaia.com\/?s={search_term_string}\"},\"query-input\":\"required name=search_term_string\"}],\"inLanguage\":\"sl-SI\"}]}<\/script>\n<!-- \/ Yoast SEO plugin. -->","yoast_head_json":{"title":"Darilna kartica - popolno darilo za va\u0161e najbli\u017eje - GalBaia","description":"e-Darilna kartica. Vam je zmanjkalo \u010dasa ali nimate ideje za nakup darila za va\u0161e najdra\u017eje? Poklonite jim darilno kartico in jih prijetno presenetite!","robots":{"index":"index","follow":"follow","max-snippet":"max-snippet:-1","max-image-preview":"max-image-preview:large","max-video-preview":"max-video-preview:-1"},"canonical":"https:\/\/galbaia.com\/sl\/izdelek\/darilna-kartica-popolno-darilo-za-vase-najblizje\/","og_locale":"sl_SI","og_type":"article","og_title":"Darilna kartica - popolno darilo za va\u0161e najbli\u017eje - GalBaia","og_description":"e-Darilna kartica. Vam je zmanjkalo \u010dasa ali nimate ideje za nakup darila za va\u0161e najdra\u017eje? Poklonite jim darilno kartico in jih prijetno presenetite!","og_url":"https:\/\/galbaia.com\/sl\/izdelek\/darilna-kartica-popolno-darilo-za-vase-najblizje\/","og_site_name":"GalBaia","article_modified_time":"2023-07-18T08:20:41+00:00","og_image":[{"width":699,"height":803,"url":"https:\/\/galbaia.com\/wp-content\/uploads\/2022\/08\/Galbaia_GiftCard_Slo.jpg","type":"image\/jpeg"}],"twitter_card":"summary_large_image","schema":{"@context":"https:\/\/schema.org","@graph":[{"@type":"WebPage","@id":"https:\/\/galbaia.com\/sl\/izdelek\/darilna-kartica-popolno-darilo-za-vase-najblizje\/","url":"https:\/\/galbaia.com\/sl\/izdelek\/darilna-kartica-popolno-darilo-za-vase-najblizje\/","name":"Darilna kartica - popolno darilo za va\u0161e najbli\u017eje - GalBaia","isPartOf":{"@id":"https:\/\/galbaia.com\/#website"},"datePublished":"2022-08-06T11:48:16+00:00","dateModified":"2023-07-18T08:20:41+00:00","description":"e-Darilna kartica. Vam je zmanjkalo \u010dasa ali nimate ideje za nakup darila za va\u0161e najdra\u017eje? Poklonite jim darilno kartico in jih prijetno presenetite!","breadcrumb":{"@id":"https:\/\/galbaia.com\/sl\/izdelek\/darilna-kartica-popolno-darilo-za-vase-najblizje\/#breadcrumb"},"inLanguage":"sl-SI","potentialAction":[{"@type":"ReadAction","target":["https:\/\/galbaia.com\/sl\/izdelek\/darilna-kartica-popolno-darilo-za-vase-najblizje\/"]}]},{"@type":"BreadcrumbList","@id":"https:\/\/galbaia.com\/sl\/izdelek\/darilna-kartica-popolno-darilo-za-vase-najblizje\/#breadcrumb","itemListElement":[{"@type":"ListItem","position":1,"name":"Home","item":"https:\/\/galbaia.com\/sl\/"},{"@type":"ListItem","position":2,"name":"Trgovina","item":"https:\/\/galbaia.com\/sl\/trgovina\/"},{"@type":"ListItem","position":3,"name":"Darilna kartica &#8211; popolno darilo za va\u0161e najbli\u017eje"}]},{"@type":"WebSite","@id":"https:\/\/galbaia.com\/#website","url":"https:\/\/galbaia.com\/","name":"GalBaia","description":"Za vas in za va\u0161o ko\u017eo - lepota iz narave za va\u0161o lepoto.","potentialAction":[{"@type":"SearchAction","target":{"@type":"EntryPoint","urlTemplate":"https:\/\/galbaia.com\/?s={search_term_string}"},"query-input":"required name=search_term_string"}],"inLanguage":"sl-SI"}]}},"_links":{"self":[{"href":"https:\/\/galbaia.com\/sl\/wp-json\/wp\/v3\/product\/365","targetHints":{"allow":["GET"]}}],"collection":[{"href":"https:\/\/galbaia.com\/sl\/wp-json\/wp\/v3\/product"}],"about":[{"href":"https:\/\/galbaia.com\/sl\/wp-json\/wp\/v2\/types\/product"}],"replies":[{"embeddable":true,"href":"https:\/\/galbaia.com\/sl\/wp-json\/wp\/v2\/comments?post=365"}],"wp:featuredmedia":[{"embeddable":true,"href":"https:\/\/galbaia.com\/sl\/wp-json\/wp\/v2\/media\/655"}],"wp:attachment":[{"href":"https:\/\/galbaia.com\/sl\/wp-json\/wp\/v2\/media?parent=365"}],"wp:term":[{"taxonomy":"product_cat","embeddable":true,"href":"https:\/\/galbaia.com\/sl\/wp-json\/wp\/v2\/product_cat?post=365"},{"taxonomy":"product_tag","embeddable":true,"href":"https:\/\/galbaia.com\/sl\/wp-json\/wp\/v2\/product_tag?post=365"},{"taxonomy":"giftcard-category","embeddable":true,"href":"https:\/\/galbaia.com\/sl\/wp-json\/wp\/v2\/giftcard-category?post=365"}],"curies":[{"name":"wp","href":"https:\/\/api.w.org\/{rel}","templated":true}]}}