{"id":924,"date":"2022-09-07T05:56:28","date_gmt":"2022-09-07T05:56:28","guid":{"rendered":"http:\/\/dev.galbaia.com\/?page_id=924"},"modified":"2023-06-23T07:53:04","modified_gmt":"2023-06-23T07:53:04","slug":"kako-oddati-narocilo","status":"publish","type":"page","link":"https:\/\/galbaia.com\/sl\/kako-oddati-narocilo\/","title":{"rendered":"Kako oddati naro\u010dilo?"},"content":{"rendered":"","protected":false},"excerpt":{"rendered":"<p> [&#8230;]<\/p>\n<p><a class=\"btn btn-secondary understrap-read-more-link\" href=\"https:\/\/galbaia.com\/sl\/kako-oddati-narocilo\/\">Preberi ve\u010d&#8230;<\/a><\/p>\n","protected":false},"author":1,"featured_media":0,"parent":0,"menu_order":0,"comment_status":"closed","ping_status":"closed","template":"page-templates\/my-order.php","meta":{"footnotes":""},"class_list":["post-924","page","type-page","status-publish","hentry"],"acf":[],"yoast_head":"<!-- This site is optimized with the Yoast SEO plugin v21.8.1 - https:\/\/yoast.com\/wordpress\/plugins\/seo\/ -->\n<title>Kako oddati naro\u010dilo? - GalBaia<\/title>\n<meta name=\"description\" content=\"Naro\u010danje je zelo enostavno! Na na\u0161i spletni strani lahko oddate naro\u010dila \u0161tiriindvajset ur na dan.\" \/>\n<meta name=\"robots\" content=\"index, follow, max-snippet:-1, max-image-preview:large, max-video-preview:-1\" \/>\n<link rel=\"canonical\" href=\"https:\/\/galbaia.com\/sl\/kako-oddati-narocilo\/\" \/>\n<meta property=\"og:locale\" content=\"sl_SI\" \/>\n<meta property=\"og:type\" content=\"article\" \/>\n<meta property=\"og:title\" content=\"Kako oddati naro\u010dilo? - GalBaia\" \/>\n<meta property=\"og:description\" content=\"Naro\u010danje je zelo enostavno! Na na\u0161i spletni strani lahko oddate naro\u010dila \u0161tiriindvajset ur na dan.\" \/>\n<meta property=\"og:url\" content=\"https:\/\/galbaia.com\/sl\/kako-oddati-narocilo\/\" \/>\n<meta property=\"og:site_name\" content=\"GalBaia\" \/>\n<meta property=\"article:modified_time\" content=\"2023-06-23T07:53:04+00:00\" \/>\n<meta name=\"twitter:card\" content=\"summary_large_image\" \/>\n<script type=\"application\/ld+json\" class=\"yoast-schema-graph\">{\"@context\":\"https:\/\/schema.org\",\"@graph\":[{\"@type\":\"WebPage\",\"@id\":\"https:\/\/galbaia.com\/sl\/kako-oddati-narocilo\/\",\"url\":\"https:\/\/galbaia.com\/sl\/kako-oddati-narocilo\/\",\"name\":\"Kako oddati naro\u010dilo? - GalBaia\",\"isPartOf\":{\"@id\":\"https:\/\/galbaia.com\/#website\"},\"datePublished\":\"2022-09-07T05:56:28+00:00\",\"dateModified\":\"2023-06-23T07:53:04+00:00\",\"description\":\"Naro\u010danje je zelo enostavno! Na na\u0161i spletni strani lahko oddate naro\u010dila \u0161tiriindvajset ur na dan.\",\"breadcrumb\":{\"@id\":\"https:\/\/galbaia.com\/sl\/kako-oddati-narocilo\/#breadcrumb\"},\"inLanguage\":\"sl-SI\",\"potentialAction\":[{\"@type\":\"ReadAction\",\"target\":[\"https:\/\/galbaia.com\/sl\/kako-oddati-narocilo\/\"]}]},{\"@type\":\"BreadcrumbList\",\"@id\":\"https:\/\/galbaia.com\/sl\/kako-oddati-narocilo\/#breadcrumb\",\"itemListElement\":[{\"@type\":\"ListItem\",\"position\":1,\"name\":\"Home\",\"item\":\"https:\/\/galbaia.com\/sl\/\"},{\"@type\":\"ListItem\",\"position\":2,\"name\":\"Kako oddati naro\u010dilo?\"}]},{\"@type\":\"WebSite\",\"@id\":\"https:\/\/galbaia.com\/#website\",\"url\":\"https:\/\/galbaia.com\/\",\"name\":\"GalBaia\",\"description\":\"Za vas in za va\u0161o ko\u017eo - lepota iz narave za va\u0161o lepoto.\",\"potentialAction\":[{\"@type\":\"SearchAction\",\"target\":{\"@type\":\"EntryPoint\",\"urlTemplate\":\"https:\/\/galbaia.com\/?s={search_term_string}\"},\"query-input\":\"required name=search_term_string\"}],\"inLanguage\":\"sl-SI\"}]}<\/script>\n<!-- \/ Yoast SEO plugin. -->","yoast_head_json":{"title":"Kako oddati naro\u010dilo? - GalBaia","description":"Naro\u010danje je zelo enostavno! Na na\u0161i spletni strani lahko oddate naro\u010dila \u0161tiriindvajset ur na dan.","robots":{"index":"index","follow":"follow","max-snippet":"max-snippet:-1","max-image-preview":"max-image-preview:large","max-video-preview":"max-video-preview:-1"},"canonical":"https:\/\/galbaia.com\/sl\/kako-oddati-narocilo\/","og_locale":"sl_SI","og_type":"article","og_title":"Kako oddati naro\u010dilo? - GalBaia","og_description":"Naro\u010danje je zelo enostavno! Na na\u0161i spletni strani lahko oddate naro\u010dila \u0161tiriindvajset ur na dan.","og_url":"https:\/\/galbaia.com\/sl\/kako-oddati-narocilo\/","og_site_name":"GalBaia","article_modified_time":"2023-06-23T07:53:04+00:00","twitter_card":"summary_large_image","schema":{"@context":"https:\/\/schema.org","@graph":[{"@type":"WebPage","@id":"https:\/\/galbaia.com\/sl\/kako-oddati-narocilo\/","url":"https:\/\/galbaia.com\/sl\/kako-oddati-narocilo\/","name":"Kako oddati naro\u010dilo? - GalBaia","isPartOf":{"@id":"https:\/\/galbaia.com\/#website"},"datePublished":"2022-09-07T05:56:28+00:00","dateModified":"2023-06-23T07:53:04+00:00","description":"Naro\u010danje je zelo enostavno! Na na\u0161i spletni strani lahko oddate naro\u010dila \u0161tiriindvajset ur na dan.","breadcrumb":{"@id":"https:\/\/galbaia.com\/sl\/kako-oddati-narocilo\/#breadcrumb"},"inLanguage":"sl-SI","potentialAction":[{"@type":"ReadAction","target":["https:\/\/galbaia.com\/sl\/kako-oddati-narocilo\/"]}]},{"@type":"BreadcrumbList","@id":"https:\/\/galbaia.com\/sl\/kako-oddati-narocilo\/#breadcrumb","itemListElement":[{"@type":"ListItem","position":1,"name":"Home","item":"https:\/\/galbaia.com\/sl\/"},{"@type":"ListItem","position":2,"name":"Kako oddati naro\u010dilo?"}]},{"@type":"WebSite","@id":"https:\/\/galbaia.com\/#website","url":"https:\/\/galbaia.com\/","name":"GalBaia","description":"Za vas in za va\u0161o ko\u017eo - lepota iz narave za va\u0161o lepoto.","potentialAction":[{"@type":"SearchAction","target":{"@type":"EntryPoint","urlTemplate":"https:\/\/galbaia.com\/?s={search_term_string}"},"query-input":"required name=search_term_string"}],"inLanguage":"sl-SI"}]}},"_links":{"self":[{"href":"https:\/\/galbaia.com\/sl\/wp-json\/wp\/v2\/pages\/924","targetHints":{"allow":["GET"]}}],"collection":[{"href":"https:\/\/galbaia.com\/sl\/wp-json\/wp\/v2\/pages"}],"about":[{"href":"https:\/\/galbaia.com\/sl\/wp-json\/wp\/v2\/types\/page"}],"author":[{"embeddable":true,"href":"https:\/\/galbaia.com\/sl\/wp-json\/wp\/v2\/users\/1"}],"replies":[{"embeddable":true,"href":"https:\/\/galbaia.com\/sl\/wp-json\/wp\/v2\/comments?post=924"}],"version-history":[{"count":5,"href":"https:\/\/galbaia.com\/sl\/wp-json\/wp\/v2\/pages\/924\/revisions"}],"predecessor-version":[{"id":1239,"href":"https:\/\/galbaia.com\/sl\/wp-json\/wp\/v2\/pages\/924\/revisions\/1239"}],"wp:attachment":[{"href":"https:\/\/galbaia.com\/sl\/wp-json\/wp\/v2\/media?parent=924"}],"curies":[{"name":"wp","href":"https:\/\/api.w.org\/{rel}","templated":true}]}}