{"id":796,"date":"2022-09-04T14:16:41","date_gmt":"2022-09-04T14:16:41","guid":{"rendered":"http:\/\/dev.galbaia.com\/?page_id=796"},"modified":"2025-02-20T13:11:11","modified_gmt":"2025-02-20T11:11:11","slug":"vprasali-ste-nas","status":"publish","type":"page","link":"https:\/\/galbaia.com\/sl\/vprasali-ste-nas\/","title":{"rendered":"Vpra\u0161ali ste nas"},"content":{"rendered":"","protected":false},"excerpt":{"rendered":"<p> [&#8230;]<\/p>\n<p><a class=\"btn btn-secondary understrap-read-more-link\" href=\"https:\/\/galbaia.com\/sl\/vprasali-ste-nas\/\">Preberi ve\u010d&#8230;<\/a><\/p>\n","protected":false},"author":1,"featured_media":0,"parent":0,"menu_order":0,"comment_status":"closed","ping_status":"closed","template":"page-templates\/my-order.php","meta":{"footnotes":""},"class_list":["post-796","page","type-page","status-publish","hentry"],"acf":[],"yoast_head":"<!-- This site is optimized with the Yoast SEO plugin v21.8.1 - https:\/\/yoast.com\/wordpress\/plugins\/seo\/ -->\n<title>Vpra\u0161ali ste nas - GalBaia<\/title>\n<meta name=\"description\" content=\"Zbrali smo najpogostej\u0161a vpra\u0161anja, ki so nam jih zastavljale na\u0161e stranke. Prepri\u010dani smo, da boste izvedeli veliko novega.\" \/>\n<meta name=\"robots\" content=\"index, follow, max-snippet:-1, max-image-preview:large, max-video-preview:-1\" \/>\n<link rel=\"canonical\" href=\"https:\/\/galbaia.com\/sl\/vprasali-ste-nas\/\" \/>\n<meta property=\"og:locale\" content=\"sl_SI\" \/>\n<meta property=\"og:type\" content=\"article\" \/>\n<meta property=\"og:title\" content=\"Vpra\u0161ali ste nas - GalBaia\" \/>\n<meta property=\"og:description\" content=\"Zbrali smo najpogostej\u0161a vpra\u0161anja, ki so nam jih zastavljale na\u0161e stranke. Prepri\u010dani smo, da boste izvedeli veliko novega.\" \/>\n<meta property=\"og:url\" content=\"https:\/\/galbaia.com\/sl\/vprasali-ste-nas\/\" \/>\n<meta property=\"og:site_name\" content=\"GalBaia\" \/>\n<meta property=\"article:modified_time\" content=\"2025-02-20T11:11:11+00:00\" \/>\n<meta name=\"twitter:card\" content=\"summary_large_image\" \/>\n<script type=\"application\/ld+json\" class=\"yoast-schema-graph\">{\"@context\":\"https:\/\/schema.org\",\"@graph\":[{\"@type\":\"WebPage\",\"@id\":\"https:\/\/galbaia.com\/sl\/vprasali-ste-nas\/\",\"url\":\"https:\/\/galbaia.com\/sl\/vprasali-ste-nas\/\",\"name\":\"Vpra\u0161ali ste nas - GalBaia\",\"isPartOf\":{\"@id\":\"https:\/\/galbaia.com\/#website\"},\"datePublished\":\"2022-09-04T14:16:41+00:00\",\"dateModified\":\"2025-02-20T11:11:11+00:00\",\"description\":\"Zbrali smo najpogostej\u0161a vpra\u0161anja, ki so nam jih zastavljale na\u0161e stranke. Prepri\u010dani smo, da boste izvedeli veliko novega.\",\"breadcrumb\":{\"@id\":\"https:\/\/galbaia.com\/sl\/vprasali-ste-nas\/#breadcrumb\"},\"inLanguage\":\"sl-SI\",\"potentialAction\":[{\"@type\":\"ReadAction\",\"target\":[\"https:\/\/galbaia.com\/sl\/vprasali-ste-nas\/\"]}]},{\"@type\":\"BreadcrumbList\",\"@id\":\"https:\/\/galbaia.com\/sl\/vprasali-ste-nas\/#breadcrumb\",\"itemListElement\":[{\"@type\":\"ListItem\",\"position\":1,\"name\":\"Home\",\"item\":\"https:\/\/galbaia.com\/sl\/\"},{\"@type\":\"ListItem\",\"position\":2,\"name\":\"Vpra\u0161ali ste nas\"}]},{\"@type\":\"WebSite\",\"@id\":\"https:\/\/galbaia.com\/#website\",\"url\":\"https:\/\/galbaia.com\/\",\"name\":\"GalBaia\",\"description\":\"Za vas in za va\u0161o ko\u017eo - lepota iz narave za va\u0161o lepoto.\",\"potentialAction\":[{\"@type\":\"SearchAction\",\"target\":{\"@type\":\"EntryPoint\",\"urlTemplate\":\"https:\/\/galbaia.com\/?s={search_term_string}\"},\"query-input\":\"required name=search_term_string\"}],\"inLanguage\":\"sl-SI\"}]}<\/script>\n<!-- \/ Yoast SEO plugin. -->","yoast_head_json":{"title":"Vpra\u0161ali ste nas - GalBaia","description":"Zbrali smo najpogostej\u0161a vpra\u0161anja, ki so nam jih zastavljale na\u0161e stranke. Prepri\u010dani smo, da boste izvedeli veliko novega.","robots":{"index":"index","follow":"follow","max-snippet":"max-snippet:-1","max-image-preview":"max-image-preview:large","max-video-preview":"max-video-preview:-1"},"canonical":"https:\/\/galbaia.com\/sl\/vprasali-ste-nas\/","og_locale":"sl_SI","og_type":"article","og_title":"Vpra\u0161ali ste nas - GalBaia","og_description":"Zbrali smo najpogostej\u0161a vpra\u0161anja, ki so nam jih zastavljale na\u0161e stranke. Prepri\u010dani smo, da boste izvedeli veliko novega.","og_url":"https:\/\/galbaia.com\/sl\/vprasali-ste-nas\/","og_site_name":"GalBaia","article_modified_time":"2025-02-20T11:11:11+00:00","twitter_card":"summary_large_image","schema":{"@context":"https:\/\/schema.org","@graph":[{"@type":"WebPage","@id":"https:\/\/galbaia.com\/sl\/vprasali-ste-nas\/","url":"https:\/\/galbaia.com\/sl\/vprasali-ste-nas\/","name":"Vpra\u0161ali ste nas - GalBaia","isPartOf":{"@id":"https:\/\/galbaia.com\/#website"},"datePublished":"2022-09-04T14:16:41+00:00","dateModified":"2025-02-20T11:11:11+00:00","description":"Zbrali smo najpogostej\u0161a vpra\u0161anja, ki so nam jih zastavljale na\u0161e stranke. Prepri\u010dani smo, da boste izvedeli veliko novega.","breadcrumb":{"@id":"https:\/\/galbaia.com\/sl\/vprasali-ste-nas\/#breadcrumb"},"inLanguage":"sl-SI","potentialAction":[{"@type":"ReadAction","target":["https:\/\/galbaia.com\/sl\/vprasali-ste-nas\/"]}]},{"@type":"BreadcrumbList","@id":"https:\/\/galbaia.com\/sl\/vprasali-ste-nas\/#breadcrumb","itemListElement":[{"@type":"ListItem","position":1,"name":"Home","item":"https:\/\/galbaia.com\/sl\/"},{"@type":"ListItem","position":2,"name":"Vpra\u0161ali ste nas"}]},{"@type":"WebSite","@id":"https:\/\/galbaia.com\/#website","url":"https:\/\/galbaia.com\/","name":"GalBaia","description":"Za vas in za va\u0161o ko\u017eo - lepota iz narave za va\u0161o lepoto.","potentialAction":[{"@type":"SearchAction","target":{"@type":"EntryPoint","urlTemplate":"https:\/\/galbaia.com\/?s={search_term_string}"},"query-input":"required name=search_term_string"}],"inLanguage":"sl-SI"}]}},"_links":{"self":[{"href":"https:\/\/galbaia.com\/sl\/wp-json\/wp\/v2\/pages\/796","targetHints":{"allow":["GET"]}}],"collection":[{"href":"https:\/\/galbaia.com\/sl\/wp-json\/wp\/v2\/pages"}],"about":[{"href":"https:\/\/galbaia.com\/sl\/wp-json\/wp\/v2\/types\/page"}],"author":[{"embeddable":true,"href":"https:\/\/galbaia.com\/sl\/wp-json\/wp\/v2\/users\/1"}],"replies":[{"embeddable":true,"href":"https:\/\/galbaia.com\/sl\/wp-json\/wp\/v2\/comments?post=796"}],"version-history":[{"count":37,"href":"https:\/\/galbaia.com\/sl\/wp-json\/wp\/v2\/pages\/796\/revisions"}],"predecessor-version":[{"id":12039,"href":"https:\/\/galbaia.com\/sl\/wp-json\/wp\/v2\/pages\/796\/revisions\/12039"}],"wp:attachment":[{"href":"https:\/\/galbaia.com\/sl\/wp-json\/wp\/v2\/media?parent=796"}],"curies":[{"name":"wp","href":"https:\/\/api.w.org\/{rel}","templated":true}]}}