{"id":776,"date":"2022-09-04T13:56:58","date_gmt":"2022-09-04T13:56:58","guid":{"rendered":"http:\/\/dev.galbaia.com\/?page_id=776"},"modified":"2023-10-11T17:05:50","modified_gmt":"2023-10-11T15:05:50","slug":"splosni-pogoji-poslovanja-podjetja-native-vita-d-o-o","status":"publish","type":"page","link":"https:\/\/galbaia.com\/sl\/splosni-pogoji-poslovanja-podjetja-native-vita-d-o-o\/","title":{"rendered":"Splo\u0161ni pogoji poslovanja podjetja Native-Vita, d.o.o."},"content":{"rendered":"","protected":false},"excerpt":{"rendered":"<p> [&#8230;]<\/p>\n<p><a class=\"btn btn-secondary understrap-read-more-link\" href=\"https:\/\/galbaia.com\/sl\/splosni-pogoji-poslovanja-podjetja-native-vita-d-o-o\/\">Preberi ve\u010d&#8230;<\/a><\/p>\n","protected":false},"author":1,"featured_media":0,"parent":0,"menu_order":0,"comment_status":"closed","ping_status":"closed","template":"page-templates\/privacy.php","meta":{"footnotes":""},"class_list":["post-776","page","type-page","status-publish","hentry"],"acf":[],"yoast_head":"<!-- This site is optimized with the Yoast SEO plugin v21.8.1 - https:\/\/yoast.com\/wordpress\/plugins\/seo\/ -->\n<title>Splo\u0161ni pogoji poslovanja podjetja Native-Vita, d.o.o. - GalBaia<\/title>\n<meta name=\"description\" content=\"Splo\u0161ni pogoji poslovanja so osnova za vse na\u0161e dobave.\" \/>\n<meta name=\"robots\" content=\"index, follow, max-snippet:-1, max-image-preview:large, max-video-preview:-1\" \/>\n<link rel=\"canonical\" href=\"https:\/\/galbaia.com\/sl\/splosni-pogoji-poslovanja-podjetja-native-vita-d-o-o\/\" \/>\n<meta property=\"og:locale\" content=\"sl_SI\" \/>\n<meta property=\"og:type\" content=\"article\" \/>\n<meta property=\"og:title\" content=\"Splo\u0161ni pogoji poslovanja podjetja Native-Vita, d.o.o. - GalBaia\" \/>\n<meta property=\"og:description\" content=\"Splo\u0161ni pogoji poslovanja so osnova za vse na\u0161e dobave.\" \/>\n<meta property=\"og:url\" content=\"https:\/\/galbaia.com\/sl\/splosni-pogoji-poslovanja-podjetja-native-vita-d-o-o\/\" \/>\n<meta property=\"og:site_name\" content=\"GalBaia\" \/>\n<meta property=\"article:modified_time\" content=\"2023-10-11T15:05:50+00:00\" \/>\n<meta name=\"twitter:card\" content=\"summary_large_image\" \/>\n<script type=\"application\/ld+json\" class=\"yoast-schema-graph\">{\"@context\":\"https:\/\/schema.org\",\"@graph\":[{\"@type\":\"WebPage\",\"@id\":\"https:\/\/galbaia.com\/sl\/splosni-pogoji-poslovanja-podjetja-native-vita-d-o-o\/\",\"url\":\"https:\/\/galbaia.com\/sl\/splosni-pogoji-poslovanja-podjetja-native-vita-d-o-o\/\",\"name\":\"Splo\u0161ni pogoji poslovanja podjetja Native-Vita, d.o.o. - GalBaia\",\"isPartOf\":{\"@id\":\"https:\/\/galbaia.com\/#website\"},\"datePublished\":\"2022-09-04T13:56:58+00:00\",\"dateModified\":\"2023-10-11T15:05:50+00:00\",\"description\":\"Splo\u0161ni pogoji poslovanja so osnova za vse na\u0161e dobave.\",\"breadcrumb\":{\"@id\":\"https:\/\/galbaia.com\/sl\/splosni-pogoji-poslovanja-podjetja-native-vita-d-o-o\/#breadcrumb\"},\"inLanguage\":\"sl-SI\",\"potentialAction\":[{\"@type\":\"ReadAction\",\"target\":[\"https:\/\/galbaia.com\/sl\/splosni-pogoji-poslovanja-podjetja-native-vita-d-o-o\/\"]}]},{\"@type\":\"BreadcrumbList\",\"@id\":\"https:\/\/galbaia.com\/sl\/splosni-pogoji-poslovanja-podjetja-native-vita-d-o-o\/#breadcrumb\",\"itemListElement\":[{\"@type\":\"ListItem\",\"position\":1,\"name\":\"Home\",\"item\":\"https:\/\/galbaia.com\/sl\/\"},{\"@type\":\"ListItem\",\"position\":2,\"name\":\"Splo\u0161ni pogoji poslovanja podjetja Native-Vita, d.o.o.\"}]},{\"@type\":\"WebSite\",\"@id\":\"https:\/\/galbaia.com\/#website\",\"url\":\"https:\/\/galbaia.com\/\",\"name\":\"GalBaia\",\"description\":\"Za vas in za va\u0161o ko\u017eo - lepota iz narave za va\u0161o lepoto.\",\"potentialAction\":[{\"@type\":\"SearchAction\",\"target\":{\"@type\":\"EntryPoint\",\"urlTemplate\":\"https:\/\/galbaia.com\/?s={search_term_string}\"},\"query-input\":\"required name=search_term_string\"}],\"inLanguage\":\"sl-SI\"}]}<\/script>\n<!-- \/ Yoast SEO plugin. -->","yoast_head_json":{"title":"Splo\u0161ni pogoji poslovanja podjetja Native-Vita, d.o.o. - GalBaia","description":"Splo\u0161ni pogoji poslovanja so osnova za vse na\u0161e dobave.","robots":{"index":"index","follow":"follow","max-snippet":"max-snippet:-1","max-image-preview":"max-image-preview:large","max-video-preview":"max-video-preview:-1"},"canonical":"https:\/\/galbaia.com\/sl\/splosni-pogoji-poslovanja-podjetja-native-vita-d-o-o\/","og_locale":"sl_SI","og_type":"article","og_title":"Splo\u0161ni pogoji poslovanja podjetja Native-Vita, d.o.o. - GalBaia","og_description":"Splo\u0161ni pogoji poslovanja so osnova za vse na\u0161e dobave.","og_url":"https:\/\/galbaia.com\/sl\/splosni-pogoji-poslovanja-podjetja-native-vita-d-o-o\/","og_site_name":"GalBaia","article_modified_time":"2023-10-11T15:05:50+00:00","twitter_card":"summary_large_image","schema":{"@context":"https:\/\/schema.org","@graph":[{"@type":"WebPage","@id":"https:\/\/galbaia.com\/sl\/splosni-pogoji-poslovanja-podjetja-native-vita-d-o-o\/","url":"https:\/\/galbaia.com\/sl\/splosni-pogoji-poslovanja-podjetja-native-vita-d-o-o\/","name":"Splo\u0161ni pogoji poslovanja podjetja Native-Vita, d.o.o. - GalBaia","isPartOf":{"@id":"https:\/\/galbaia.com\/#website"},"datePublished":"2022-09-04T13:56:58+00:00","dateModified":"2023-10-11T15:05:50+00:00","description":"Splo\u0161ni pogoji poslovanja so osnova za vse na\u0161e dobave.","breadcrumb":{"@id":"https:\/\/galbaia.com\/sl\/splosni-pogoji-poslovanja-podjetja-native-vita-d-o-o\/#breadcrumb"},"inLanguage":"sl-SI","potentialAction":[{"@type":"ReadAction","target":["https:\/\/galbaia.com\/sl\/splosni-pogoji-poslovanja-podjetja-native-vita-d-o-o\/"]}]},{"@type":"BreadcrumbList","@id":"https:\/\/galbaia.com\/sl\/splosni-pogoji-poslovanja-podjetja-native-vita-d-o-o\/#breadcrumb","itemListElement":[{"@type":"ListItem","position":1,"name":"Home","item":"https:\/\/galbaia.com\/sl\/"},{"@type":"ListItem","position":2,"name":"Splo\u0161ni pogoji poslovanja podjetja Native-Vita, d.o.o."}]},{"@type":"WebSite","@id":"https:\/\/galbaia.com\/#website","url":"https:\/\/galbaia.com\/","name":"GalBaia","description":"Za vas in za va\u0161o ko\u017eo - lepota iz narave za va\u0161o lepoto.","potentialAction":[{"@type":"SearchAction","target":{"@type":"EntryPoint","urlTemplate":"https:\/\/galbaia.com\/?s={search_term_string}"},"query-input":"required name=search_term_string"}],"inLanguage":"sl-SI"}]}},"_links":{"self":[{"href":"https:\/\/galbaia.com\/sl\/wp-json\/wp\/v2\/pages\/776","targetHints":{"allow":["GET"]}}],"collection":[{"href":"https:\/\/galbaia.com\/sl\/wp-json\/wp\/v2\/pages"}],"about":[{"href":"https:\/\/galbaia.com\/sl\/wp-json\/wp\/v2\/types\/page"}],"author":[{"embeddable":true,"href":"https:\/\/galbaia.com\/sl\/wp-json\/wp\/v2\/users\/1"}],"replies":[{"embeddable":true,"href":"https:\/\/galbaia.com\/sl\/wp-json\/wp\/v2\/comments?post=776"}],"version-history":[{"count":26,"href":"https:\/\/galbaia.com\/sl\/wp-json\/wp\/v2\/pages\/776\/revisions"}],"predecessor-version":[{"id":5041,"href":"https:\/\/galbaia.com\/sl\/wp-json\/wp\/v2\/pages\/776\/revisions\/5041"}],"wp:attachment":[{"href":"https:\/\/galbaia.com\/sl\/wp-json\/wp\/v2\/media?parent=776"}],"curies":[{"name":"wp","href":"https:\/\/api.w.org\/{rel}","templated":true}]}}