{"id":58,"date":"2022-06-25T14:12:45","date_gmt":"2022-06-25T14:12:45","guid":{"rendered":"http:\/\/dev.galbaia.com\/?page_id=58"},"modified":"2023-06-23T07:45:45","modified_gmt":"2023-06-23T07:45:45","slug":"kozmeticni-certifikat","status":"publish","type":"page","link":"https:\/\/galbaia.com\/sl\/kozmeticni-certifikat\/","title":{"rendered":"Certifikati"},"content":{"rendered":"","protected":false},"excerpt":{"rendered":"<p> [&#8230;]<\/p>\n<p><a class=\"btn btn-secondary understrap-read-more-link\" href=\"https:\/\/galbaia.com\/sl\/kozmeticni-certifikat\/\">Preberi ve\u010d&#8230;<\/a><\/p>\n","protected":false},"author":1,"featured_media":0,"parent":0,"menu_order":0,"comment_status":"closed","ping_status":"closed","template":"page-templates\/certificate.php","meta":{"footnotes":""},"class_list":["post-58","page","type-page","status-publish","hentry"],"acf":[],"yoast_head":"<!-- This site is optimized with the Yoast SEO plugin v21.8.1 - https:\/\/yoast.com\/wordpress\/plugins\/seo\/ -->\n<title>Certifikati - GalBaia<\/title>\n<meta name=\"description\" content=\"S ponosom nosimo pridobljen kozmeti\u010dni certifikat Cosmethically ACTIVE \u2013 Approved by Modern cosmethics! Ecogea Organic in Vegan.\" \/>\n<meta name=\"robots\" content=\"index, follow, max-snippet:-1, max-image-preview:large, max-video-preview:-1\" \/>\n<link rel=\"canonical\" href=\"https:\/\/galbaia.com\/sl\/kozmeticni-certifikat\/\" \/>\n<meta property=\"og:locale\" content=\"sl_SI\" \/>\n<meta property=\"og:type\" content=\"article\" \/>\n<meta property=\"og:title\" content=\"Certifikati - GalBaia\" \/>\n<meta property=\"og:description\" content=\"S ponosom nosimo pridobljen kozmeti\u010dni certifikat Cosmethically ACTIVE \u2013 Approved by Modern cosmethics! Ecogea Organic in Vegan.\" \/>\n<meta property=\"og:url\" content=\"https:\/\/galbaia.com\/sl\/kozmeticni-certifikat\/\" \/>\n<meta property=\"og:site_name\" content=\"GalBaia\" \/>\n<meta property=\"article:modified_time\" content=\"2023-06-23T07:45:45+00:00\" \/>\n<meta name=\"twitter:card\" content=\"summary_large_image\" \/>\n<script type=\"application\/ld+json\" class=\"yoast-schema-graph\">{\"@context\":\"https:\/\/schema.org\",\"@graph\":[{\"@type\":\"WebPage\",\"@id\":\"https:\/\/galbaia.com\/sl\/kozmeticni-certifikat\/\",\"url\":\"https:\/\/galbaia.com\/sl\/kozmeticni-certifikat\/\",\"name\":\"Certifikati - GalBaia\",\"isPartOf\":{\"@id\":\"https:\/\/galbaia.com\/#website\"},\"datePublished\":\"2022-06-25T14:12:45+00:00\",\"dateModified\":\"2023-06-23T07:45:45+00:00\",\"description\":\"S ponosom nosimo pridobljen kozmeti\u010dni certifikat Cosmethically ACTIVE \u2013 Approved by Modern cosmethics! Ecogea Organic in Vegan.\",\"breadcrumb\":{\"@id\":\"https:\/\/galbaia.com\/sl\/kozmeticni-certifikat\/#breadcrumb\"},\"inLanguage\":\"sl-SI\",\"potentialAction\":[{\"@type\":\"ReadAction\",\"target\":[\"https:\/\/galbaia.com\/sl\/kozmeticni-certifikat\/\"]}]},{\"@type\":\"BreadcrumbList\",\"@id\":\"https:\/\/galbaia.com\/sl\/kozmeticni-certifikat\/#breadcrumb\",\"itemListElement\":[{\"@type\":\"ListItem\",\"position\":1,\"name\":\"Home\",\"item\":\"https:\/\/galbaia.com\/sl\/\"},{\"@type\":\"ListItem\",\"position\":2,\"name\":\"Certifikati\"}]},{\"@type\":\"WebSite\",\"@id\":\"https:\/\/galbaia.com\/#website\",\"url\":\"https:\/\/galbaia.com\/\",\"name\":\"GalBaia\",\"description\":\"Za vas in za va\u0161o ko\u017eo - lepota iz narave za va\u0161o lepoto.\",\"potentialAction\":[{\"@type\":\"SearchAction\",\"target\":{\"@type\":\"EntryPoint\",\"urlTemplate\":\"https:\/\/galbaia.com\/?s={search_term_string}\"},\"query-input\":\"required name=search_term_string\"}],\"inLanguage\":\"sl-SI\"}]}<\/script>\n<!-- \/ Yoast SEO plugin. -->","yoast_head_json":{"title":"Certifikati - GalBaia","description":"S ponosom nosimo pridobljen kozmeti\u010dni certifikat Cosmethically ACTIVE \u2013 Approved by Modern cosmethics! Ecogea Organic in Vegan.","robots":{"index":"index","follow":"follow","max-snippet":"max-snippet:-1","max-image-preview":"max-image-preview:large","max-video-preview":"max-video-preview:-1"},"canonical":"https:\/\/galbaia.com\/sl\/kozmeticni-certifikat\/","og_locale":"sl_SI","og_type":"article","og_title":"Certifikati - GalBaia","og_description":"S ponosom nosimo pridobljen kozmeti\u010dni certifikat Cosmethically ACTIVE \u2013 Approved by Modern cosmethics! Ecogea Organic in Vegan.","og_url":"https:\/\/galbaia.com\/sl\/kozmeticni-certifikat\/","og_site_name":"GalBaia","article_modified_time":"2023-06-23T07:45:45+00:00","twitter_card":"summary_large_image","schema":{"@context":"https:\/\/schema.org","@graph":[{"@type":"WebPage","@id":"https:\/\/galbaia.com\/sl\/kozmeticni-certifikat\/","url":"https:\/\/galbaia.com\/sl\/kozmeticni-certifikat\/","name":"Certifikati - GalBaia","isPartOf":{"@id":"https:\/\/galbaia.com\/#website"},"datePublished":"2022-06-25T14:12:45+00:00","dateModified":"2023-06-23T07:45:45+00:00","description":"S ponosom nosimo pridobljen kozmeti\u010dni certifikat Cosmethically ACTIVE \u2013 Approved by Modern cosmethics! Ecogea Organic in Vegan.","breadcrumb":{"@id":"https:\/\/galbaia.com\/sl\/kozmeticni-certifikat\/#breadcrumb"},"inLanguage":"sl-SI","potentialAction":[{"@type":"ReadAction","target":["https:\/\/galbaia.com\/sl\/kozmeticni-certifikat\/"]}]},{"@type":"BreadcrumbList","@id":"https:\/\/galbaia.com\/sl\/kozmeticni-certifikat\/#breadcrumb","itemListElement":[{"@type":"ListItem","position":1,"name":"Home","item":"https:\/\/galbaia.com\/sl\/"},{"@type":"ListItem","position":2,"name":"Certifikati"}]},{"@type":"WebSite","@id":"https:\/\/galbaia.com\/#website","url":"https:\/\/galbaia.com\/","name":"GalBaia","description":"Za vas in za va\u0161o ko\u017eo - lepota iz narave za va\u0161o lepoto.","potentialAction":[{"@type":"SearchAction","target":{"@type":"EntryPoint","urlTemplate":"https:\/\/galbaia.com\/?s={search_term_string}"},"query-input":"required name=search_term_string"}],"inLanguage":"sl-SI"}]}},"_links":{"self":[{"href":"https:\/\/galbaia.com\/sl\/wp-json\/wp\/v2\/pages\/58","targetHints":{"allow":["GET"]}}],"collection":[{"href":"https:\/\/galbaia.com\/sl\/wp-json\/wp\/v2\/pages"}],"about":[{"href":"https:\/\/galbaia.com\/sl\/wp-json\/wp\/v2\/types\/page"}],"author":[{"embeddable":true,"href":"https:\/\/galbaia.com\/sl\/wp-json\/wp\/v2\/users\/1"}],"replies":[{"embeddable":true,"href":"https:\/\/galbaia.com\/sl\/wp-json\/wp\/v2\/comments?post=58"}],"version-history":[{"count":12,"href":"https:\/\/galbaia.com\/sl\/wp-json\/wp\/v2\/pages\/58\/revisions"}],"predecessor-version":[{"id":1692,"href":"https:\/\/galbaia.com\/sl\/wp-json\/wp\/v2\/pages\/58\/revisions\/1692"}],"wp:attachment":[{"href":"https:\/\/galbaia.com\/sl\/wp-json\/wp\/v2\/media?parent=58"}],"curies":[{"name":"wp","href":"https:\/\/api.w.org\/{rel}","templated":true}]}}