{"id":3615,"date":"2023-07-05T16:46:33","date_gmt":"2023-07-05T14:46:33","guid":{"rendered":"https:\/\/galbaia.com\/award-winning-moments\/"},"modified":"2023-09-28T11:44:34","modified_gmt":"2023-09-28T09:44:34","slug":"prejete-nagrade","status":"publish","type":"page","link":"https:\/\/galbaia.com\/sl\/prejete-nagrade\/","title":{"rendered":"PREJETE NAGRADE"},"content":{"rendered":"","protected":false},"excerpt":{"rendered":"<p> [&#8230;]<\/p>\n<p><a class=\"btn btn-secondary understrap-read-more-link\" href=\"https:\/\/galbaia.com\/sl\/prejete-nagrade\/\">Preberi ve\u010d&#8230;<\/a><\/p>\n","protected":false},"author":1,"featured_media":0,"parent":0,"menu_order":0,"comment_status":"closed","ping_status":"closed","template":"page-templates\/award.php","meta":{"footnotes":""},"class_list":["post-3615","page","type-page","status-publish","hentry"],"acf":[],"yoast_head":"<!-- This site is optimized with the Yoast SEO plugin v21.8.1 - https:\/\/yoast.com\/wordpress\/plugins\/seo\/ -->\n<title>PREJETE NAGRADE - GalBaia<\/title>\n<meta name=\"description\" content=\"S ponosom predstavljamo presti\u017ena priznanja in prejete nagrade, ki smo jih prejeli za na\u0161o blagovno znamko naravne kozmetike.\" \/>\n<meta name=\"robots\" content=\"index, follow, max-snippet:-1, max-image-preview:large, max-video-preview:-1\" \/>\n<link rel=\"canonical\" href=\"https:\/\/galbaia.com\/sl\/prejete-nagrade\/\" \/>\n<meta property=\"og:locale\" content=\"sl_SI\" \/>\n<meta property=\"og:type\" content=\"article\" \/>\n<meta property=\"og:title\" content=\"PREJETE NAGRADE - GalBaia\" \/>\n<meta property=\"og:description\" content=\"S ponosom predstavljamo presti\u017ena priznanja in prejete nagrade, ki smo jih prejeli za na\u0161o blagovno znamko naravne kozmetike.\" \/>\n<meta property=\"og:url\" content=\"https:\/\/galbaia.com\/sl\/prejete-nagrade\/\" \/>\n<meta property=\"og:site_name\" content=\"GalBaia\" \/>\n<meta property=\"article:modified_time\" content=\"2023-09-28T09:44:34+00:00\" \/>\n<meta name=\"twitter:card\" content=\"summary_large_image\" \/>\n<script type=\"application\/ld+json\" class=\"yoast-schema-graph\">{\"@context\":\"https:\/\/schema.org\",\"@graph\":[{\"@type\":\"WebPage\",\"@id\":\"https:\/\/galbaia.com\/sl\/prejete-nagrade\/\",\"url\":\"https:\/\/galbaia.com\/sl\/prejete-nagrade\/\",\"name\":\"PREJETE NAGRADE - GalBaia\",\"isPartOf\":{\"@id\":\"https:\/\/galbaia.com\/#website\"},\"datePublished\":\"2023-07-05T14:46:33+00:00\",\"dateModified\":\"2023-09-28T09:44:34+00:00\",\"description\":\"S ponosom predstavljamo presti\u017ena priznanja in prejete nagrade, ki smo jih prejeli za na\u0161o blagovno znamko naravne kozmetike.\",\"breadcrumb\":{\"@id\":\"https:\/\/galbaia.com\/sl\/prejete-nagrade\/#breadcrumb\"},\"inLanguage\":\"sl-SI\",\"potentialAction\":[{\"@type\":\"ReadAction\",\"target\":[\"https:\/\/galbaia.com\/sl\/prejete-nagrade\/\"]}]},{\"@type\":\"BreadcrumbList\",\"@id\":\"https:\/\/galbaia.com\/sl\/prejete-nagrade\/#breadcrumb\",\"itemListElement\":[{\"@type\":\"ListItem\",\"position\":1,\"name\":\"Home\",\"item\":\"https:\/\/galbaia.com\/sl\/\"},{\"@type\":\"ListItem\",\"position\":2,\"name\":\"PREJETE NAGRADE\"}]},{\"@type\":\"WebSite\",\"@id\":\"https:\/\/galbaia.com\/#website\",\"url\":\"https:\/\/galbaia.com\/\",\"name\":\"GalBaia\",\"description\":\"Za vas in za va\u0161o ko\u017eo - lepota iz narave za va\u0161o lepoto.\",\"potentialAction\":[{\"@type\":\"SearchAction\",\"target\":{\"@type\":\"EntryPoint\",\"urlTemplate\":\"https:\/\/galbaia.com\/?s={search_term_string}\"},\"query-input\":\"required name=search_term_string\"}],\"inLanguage\":\"sl-SI\"}]}<\/script>\n<!-- \/ Yoast SEO plugin. -->","yoast_head_json":{"title":"PREJETE NAGRADE - GalBaia","description":"S ponosom predstavljamo presti\u017ena priznanja in prejete nagrade, ki smo jih prejeli za na\u0161o blagovno znamko naravne kozmetike.","robots":{"index":"index","follow":"follow","max-snippet":"max-snippet:-1","max-image-preview":"max-image-preview:large","max-video-preview":"max-video-preview:-1"},"canonical":"https:\/\/galbaia.com\/sl\/prejete-nagrade\/","og_locale":"sl_SI","og_type":"article","og_title":"PREJETE NAGRADE - GalBaia","og_description":"S ponosom predstavljamo presti\u017ena priznanja in prejete nagrade, ki smo jih prejeli za na\u0161o blagovno znamko naravne kozmetike.","og_url":"https:\/\/galbaia.com\/sl\/prejete-nagrade\/","og_site_name":"GalBaia","article_modified_time":"2023-09-28T09:44:34+00:00","twitter_card":"summary_large_image","schema":{"@context":"https:\/\/schema.org","@graph":[{"@type":"WebPage","@id":"https:\/\/galbaia.com\/sl\/prejete-nagrade\/","url":"https:\/\/galbaia.com\/sl\/prejete-nagrade\/","name":"PREJETE NAGRADE - GalBaia","isPartOf":{"@id":"https:\/\/galbaia.com\/#website"},"datePublished":"2023-07-05T14:46:33+00:00","dateModified":"2023-09-28T09:44:34+00:00","description":"S ponosom predstavljamo presti\u017ena priznanja in prejete nagrade, ki smo jih prejeli za na\u0161o blagovno znamko naravne kozmetike.","breadcrumb":{"@id":"https:\/\/galbaia.com\/sl\/prejete-nagrade\/#breadcrumb"},"inLanguage":"sl-SI","potentialAction":[{"@type":"ReadAction","target":["https:\/\/galbaia.com\/sl\/prejete-nagrade\/"]}]},{"@type":"BreadcrumbList","@id":"https:\/\/galbaia.com\/sl\/prejete-nagrade\/#breadcrumb","itemListElement":[{"@type":"ListItem","position":1,"name":"Home","item":"https:\/\/galbaia.com\/sl\/"},{"@type":"ListItem","position":2,"name":"PREJETE NAGRADE"}]},{"@type":"WebSite","@id":"https:\/\/galbaia.com\/#website","url":"https:\/\/galbaia.com\/","name":"GalBaia","description":"Za vas in za va\u0161o ko\u017eo - lepota iz narave za va\u0161o lepoto.","potentialAction":[{"@type":"SearchAction","target":{"@type":"EntryPoint","urlTemplate":"https:\/\/galbaia.com\/?s={search_term_string}"},"query-input":"required name=search_term_string"}],"inLanguage":"sl-SI"}]}},"_links":{"self":[{"href":"https:\/\/galbaia.com\/sl\/wp-json\/wp\/v2\/pages\/3615","targetHints":{"allow":["GET"]}}],"collection":[{"href":"https:\/\/galbaia.com\/sl\/wp-json\/wp\/v2\/pages"}],"about":[{"href":"https:\/\/galbaia.com\/sl\/wp-json\/wp\/v2\/types\/page"}],"author":[{"embeddable":true,"href":"https:\/\/galbaia.com\/sl\/wp-json\/wp\/v2\/users\/1"}],"replies":[{"embeddable":true,"href":"https:\/\/galbaia.com\/sl\/wp-json\/wp\/v2\/comments?post=3615"}],"version-history":[{"count":9,"href":"https:\/\/galbaia.com\/sl\/wp-json\/wp\/v2\/pages\/3615\/revisions"}],"predecessor-version":[{"id":4547,"href":"https:\/\/galbaia.com\/sl\/wp-json\/wp\/v2\/pages\/3615\/revisions\/4547"}],"wp:attachment":[{"href":"https:\/\/galbaia.com\/sl\/wp-json\/wp\/v2\/media?parent=3615"}],"curies":[{"name":"wp","href":"https:\/\/api.w.org\/{rel}","templated":true}]}}