{"id":179,"date":"2022-07-16T16:21:27","date_gmt":"2022-07-16T16:21:27","guid":{"rendered":"http:\/\/dev.galbaia.com\/?page_id=179"},"modified":"2024-10-29T18:22:19","modified_gmt":"2024-10-29T16:22:19","slug":"o-ustanoviteljici","status":"publish","type":"page","link":"https:\/\/galbaia.com\/sl\/o-ustanoviteljici\/","title":{"rendered":"O ustanoviteljici"},"content":{"rendered":"","protected":false},"excerpt":{"rendered":"<p> [&#8230;]<\/p>\n<p><a class=\"btn btn-secondary understrap-read-more-link\" href=\"https:\/\/galbaia.com\/sl\/o-ustanoviteljici\/\">Preberi ve\u010d&#8230;<\/a><\/p>\n","protected":false},"author":1,"featured_media":0,"parent":0,"menu_order":0,"comment_status":"closed","ping_status":"closed","template":"page-templates\/founder.php","meta":{"footnotes":""},"class_list":["post-179","page","type-page","status-publish","hentry"],"acf":[],"yoast_head":"<!-- This site is optimized with the Yoast SEO plugin v21.8.1 - https:\/\/yoast.com\/wordpress\/plugins\/seo\/ -->\n<title>O ustanoviteljici - GalBaia<\/title>\n<meta name=\"description\" content=\"Nata\u0161a Tav\u010dar je magistrica kozmetike. Magistrirala je s \u0161tudijo vpliva kreme z ekstraktom lesa bele jelke na ko\u017eo.\" \/>\n<meta name=\"robots\" content=\"index, follow, max-snippet:-1, max-image-preview:large, max-video-preview:-1\" \/>\n<link rel=\"canonical\" href=\"https:\/\/galbaia.com\/sl\/o-ustanoviteljici\/\" \/>\n<meta property=\"og:locale\" content=\"sl_SI\" \/>\n<meta property=\"og:type\" content=\"article\" \/>\n<meta property=\"og:title\" content=\"O ustanoviteljici - GalBaia\" \/>\n<meta property=\"og:description\" content=\"Nata\u0161a Tav\u010dar je magistrica kozmetike. Magistrirala je s \u0161tudijo vpliva kreme z ekstraktom lesa bele jelke na ko\u017eo.\" \/>\n<meta property=\"og:url\" content=\"https:\/\/galbaia.com\/sl\/o-ustanoviteljici\/\" \/>\n<meta property=\"og:site_name\" content=\"GalBaia\" \/>\n<meta property=\"article:modified_time\" content=\"2024-10-29T16:22:19+00:00\" \/>\n<meta name=\"twitter:card\" content=\"summary_large_image\" \/>\n<script type=\"application\/ld+json\" class=\"yoast-schema-graph\">{\"@context\":\"https:\/\/schema.org\",\"@graph\":[{\"@type\":\"WebPage\",\"@id\":\"https:\/\/galbaia.com\/sl\/o-ustanoviteljici\/\",\"url\":\"https:\/\/galbaia.com\/sl\/o-ustanoviteljici\/\",\"name\":\"O ustanoviteljici - GalBaia\",\"isPartOf\":{\"@id\":\"https:\/\/galbaia.com\/#website\"},\"datePublished\":\"2022-07-16T16:21:27+00:00\",\"dateModified\":\"2024-10-29T16:22:19+00:00\",\"description\":\"Nata\u0161a Tav\u010dar je magistrica kozmetike. Magistrirala je s \u0161tudijo vpliva kreme z ekstraktom lesa bele jelke na ko\u017eo.\",\"breadcrumb\":{\"@id\":\"https:\/\/galbaia.com\/sl\/o-ustanoviteljici\/#breadcrumb\"},\"inLanguage\":\"sl-SI\",\"potentialAction\":[{\"@type\":\"ReadAction\",\"target\":[\"https:\/\/galbaia.com\/sl\/o-ustanoviteljici\/\"]}]},{\"@type\":\"BreadcrumbList\",\"@id\":\"https:\/\/galbaia.com\/sl\/o-ustanoviteljici\/#breadcrumb\",\"itemListElement\":[{\"@type\":\"ListItem\",\"position\":1,\"name\":\"Home\",\"item\":\"https:\/\/galbaia.com\/sl\/\"},{\"@type\":\"ListItem\",\"position\":2,\"name\":\"O ustanoviteljici\"}]},{\"@type\":\"WebSite\",\"@id\":\"https:\/\/galbaia.com\/#website\",\"url\":\"https:\/\/galbaia.com\/\",\"name\":\"GalBaia\",\"description\":\"Za vas in za va\u0161o ko\u017eo - lepota iz narave za va\u0161o lepoto.\",\"potentialAction\":[{\"@type\":\"SearchAction\",\"target\":{\"@type\":\"EntryPoint\",\"urlTemplate\":\"https:\/\/galbaia.com\/?s={search_term_string}\"},\"query-input\":\"required name=search_term_string\"}],\"inLanguage\":\"sl-SI\"}]}<\/script>\n<!-- \/ Yoast SEO plugin. -->","yoast_head_json":{"title":"O ustanoviteljici - GalBaia","description":"Nata\u0161a Tav\u010dar je magistrica kozmetike. Magistrirala je s \u0161tudijo vpliva kreme z ekstraktom lesa bele jelke na ko\u017eo.","robots":{"index":"index","follow":"follow","max-snippet":"max-snippet:-1","max-image-preview":"max-image-preview:large","max-video-preview":"max-video-preview:-1"},"canonical":"https:\/\/galbaia.com\/sl\/o-ustanoviteljici\/","og_locale":"sl_SI","og_type":"article","og_title":"O ustanoviteljici - GalBaia","og_description":"Nata\u0161a Tav\u010dar je magistrica kozmetike. Magistrirala je s \u0161tudijo vpliva kreme z ekstraktom lesa bele jelke na ko\u017eo.","og_url":"https:\/\/galbaia.com\/sl\/o-ustanoviteljici\/","og_site_name":"GalBaia","article_modified_time":"2024-10-29T16:22:19+00:00","twitter_card":"summary_large_image","schema":{"@context":"https:\/\/schema.org","@graph":[{"@type":"WebPage","@id":"https:\/\/galbaia.com\/sl\/o-ustanoviteljici\/","url":"https:\/\/galbaia.com\/sl\/o-ustanoviteljici\/","name":"O ustanoviteljici - GalBaia","isPartOf":{"@id":"https:\/\/galbaia.com\/#website"},"datePublished":"2022-07-16T16:21:27+00:00","dateModified":"2024-10-29T16:22:19+00:00","description":"Nata\u0161a Tav\u010dar je magistrica kozmetike. Magistrirala je s \u0161tudijo vpliva kreme z ekstraktom lesa bele jelke na ko\u017eo.","breadcrumb":{"@id":"https:\/\/galbaia.com\/sl\/o-ustanoviteljici\/#breadcrumb"},"inLanguage":"sl-SI","potentialAction":[{"@type":"ReadAction","target":["https:\/\/galbaia.com\/sl\/o-ustanoviteljici\/"]}]},{"@type":"BreadcrumbList","@id":"https:\/\/galbaia.com\/sl\/o-ustanoviteljici\/#breadcrumb","itemListElement":[{"@type":"ListItem","position":1,"name":"Home","item":"https:\/\/galbaia.com\/sl\/"},{"@type":"ListItem","position":2,"name":"O ustanoviteljici"}]},{"@type":"WebSite","@id":"https:\/\/galbaia.com\/#website","url":"https:\/\/galbaia.com\/","name":"GalBaia","description":"Za vas in za va\u0161o ko\u017eo - lepota iz narave za va\u0161o lepoto.","potentialAction":[{"@type":"SearchAction","target":{"@type":"EntryPoint","urlTemplate":"https:\/\/galbaia.com\/?s={search_term_string}"},"query-input":"required name=search_term_string"}],"inLanguage":"sl-SI"}]}},"_links":{"self":[{"href":"https:\/\/galbaia.com\/sl\/wp-json\/wp\/v2\/pages\/179","targetHints":{"allow":["GET"]}}],"collection":[{"href":"https:\/\/galbaia.com\/sl\/wp-json\/wp\/v2\/pages"}],"about":[{"href":"https:\/\/galbaia.com\/sl\/wp-json\/wp\/v2\/types\/page"}],"author":[{"embeddable":true,"href":"https:\/\/galbaia.com\/sl\/wp-json\/wp\/v2\/users\/1"}],"replies":[{"embeddable":true,"href":"https:\/\/galbaia.com\/sl\/wp-json\/wp\/v2\/comments?post=179"}],"version-history":[{"count":54,"href":"https:\/\/galbaia.com\/sl\/wp-json\/wp\/v2\/pages\/179\/revisions"}],"predecessor-version":[{"id":12005,"href":"https:\/\/galbaia.com\/sl\/wp-json\/wp\/v2\/pages\/179\/revisions\/12005"}],"wp:attachment":[{"href":"https:\/\/galbaia.com\/sl\/wp-json\/wp\/v2\/media?parent=179"}],"curies":[{"name":"wp","href":"https:\/\/api.w.org\/{rel}","templated":true}]}}