{"id":15,"date":"2022-06-25T09:30:20","date_gmt":"2022-06-25T09:30:20","guid":{"rendered":"http:\/\/dev.galbaia.com\/?page_id=15"},"modified":"2024-07-01T12:07:18","modified_gmt":"2024-07-01T10:07:18","slug":"domov","status":"publish","type":"page","link":"https:\/\/galbaia.com\/sl\/","title":{"rendered":"Domov"},"content":{"rendered":"","protected":false},"excerpt":{"rendered":"<p> [&#8230;]<\/p>\n<p><a class=\"btn btn-secondary understrap-read-more-link\" href=\"https:\/\/galbaia.com\/sl\/\">Preberi ve\u010d&#8230;<\/a><\/p>\n","protected":false},"author":1,"featured_media":0,"parent":0,"menu_order":0,"comment_status":"closed","ping_status":"closed","template":"page-templates\/home.php","meta":{"footnotes":""},"class_list":["post-15","page","type-page","status-publish","hentry"],"acf":[],"yoast_head":"<!-- This site is optimized with the Yoast SEO plugin v21.8.1 - https:\/\/yoast.com\/wordpress\/plugins\/seo\/ -->\n<title>GalBaia - Za vas in za va\u0161o ko\u017eo - lepota iz narave za va\u0161o lepoto<\/title>\n<meta name=\"description\" content=\"Ustanoviteljica Nata\u0161a Tav\u010dar je svoje znanje po magistrskem \u0161tudiju kozmetike nadgradila \u0161e na \u0161oli organske kozmetike Formula Botanica.\" \/>\n<meta name=\"robots\" content=\"index, follow, max-snippet:-1, max-image-preview:large, max-video-preview:-1\" \/>\n<link rel=\"canonical\" href=\"https:\/\/galbaia.com\/sl\/\" \/>\n<meta property=\"og:locale\" content=\"sl_SI\" \/>\n<meta property=\"og:type\" content=\"article\" \/>\n<meta property=\"og:title\" content=\"GalBaia - Za vas in za va\u0161o ko\u017eo - lepota iz narave za va\u0161o lepoto\" \/>\n<meta property=\"og:description\" content=\"Ustanoviteljica Nata\u0161a Tav\u010dar je svoje znanje po magistrskem \u0161tudiju kozmetike nadgradila \u0161e na \u0161oli organske kozmetike Formula Botanica.\" \/>\n<meta property=\"og:url\" content=\"https:\/\/galbaia.com\/sl\/\" \/>\n<meta property=\"og:site_name\" content=\"GalBaia\" \/>\n<meta property=\"article:modified_time\" content=\"2024-07-01T10:07:18+00:00\" \/>\n<meta name=\"twitter:card\" content=\"summary_large_image\" \/>\n<script type=\"application\/ld+json\" class=\"yoast-schema-graph\">{\"@context\":\"https:\/\/schema.org\",\"@graph\":[{\"@type\":\"WebPage\",\"@id\":\"https:\/\/galbaia.com\/sl\/\",\"url\":\"https:\/\/galbaia.com\/sl\/\",\"name\":\"GalBaia - Za vas in za va\u0161o ko\u017eo - lepota iz narave za va\u0161o lepoto\",\"isPartOf\":{\"@id\":\"https:\/\/galbaia.com\/#website\"},\"datePublished\":\"2022-06-25T09:30:20+00:00\",\"dateModified\":\"2024-07-01T10:07:18+00:00\",\"description\":\"Ustanoviteljica Nata\u0161a Tav\u010dar je svoje znanje po magistrskem \u0161tudiju kozmetike nadgradila \u0161e na \u0161oli organske kozmetike Formula Botanica.\",\"breadcrumb\":{\"@id\":\"https:\/\/galbaia.com\/sl\/#breadcrumb\"},\"inLanguage\":\"sl-SI\",\"potentialAction\":[{\"@type\":\"ReadAction\",\"target\":[\"https:\/\/galbaia.com\/sl\/\"]}]},{\"@type\":\"BreadcrumbList\",\"@id\":\"https:\/\/galbaia.com\/sl\/#breadcrumb\",\"itemListElement\":[{\"@type\":\"ListItem\",\"position\":1,\"name\":\"Home\",\"item\":\"https:\/\/galbaia.com\/sl\/\"},{\"@type\":\"ListItem\",\"position\":2,\"name\":\"Domov\"}]},{\"@type\":\"WebSite\",\"@id\":\"https:\/\/galbaia.com\/#website\",\"url\":\"https:\/\/galbaia.com\/\",\"name\":\"GalBaia\",\"description\":\"Za vas in za va\u0161o ko\u017eo - lepota iz narave za va\u0161o lepoto.\",\"potentialAction\":[{\"@type\":\"SearchAction\",\"target\":{\"@type\":\"EntryPoint\",\"urlTemplate\":\"https:\/\/galbaia.com\/?s={search_term_string}\"},\"query-input\":\"required name=search_term_string\"}],\"inLanguage\":\"sl-SI\"}]}<\/script>\n<!-- \/ Yoast SEO plugin. -->","yoast_head_json":{"title":"GalBaia - Za vas in za va\u0161o ko\u017eo - lepota iz narave za va\u0161o lepoto","description":"Ustanoviteljica Nata\u0161a Tav\u010dar je svoje znanje po magistrskem \u0161tudiju kozmetike nadgradila \u0161e na \u0161oli organske kozmetike Formula Botanica.","robots":{"index":"index","follow":"follow","max-snippet":"max-snippet:-1","max-image-preview":"max-image-preview:large","max-video-preview":"max-video-preview:-1"},"canonical":"https:\/\/galbaia.com\/sl\/","og_locale":"sl_SI","og_type":"article","og_title":"GalBaia - Za vas in za va\u0161o ko\u017eo - lepota iz narave za va\u0161o lepoto","og_description":"Ustanoviteljica Nata\u0161a Tav\u010dar je svoje znanje po magistrskem \u0161tudiju kozmetike nadgradila \u0161e na \u0161oli organske kozmetike Formula Botanica.","og_url":"https:\/\/galbaia.com\/sl\/","og_site_name":"GalBaia","article_modified_time":"2024-07-01T10:07:18+00:00","twitter_card":"summary_large_image","schema":{"@context":"https:\/\/schema.org","@graph":[{"@type":"WebPage","@id":"https:\/\/galbaia.com\/sl\/","url":"https:\/\/galbaia.com\/sl\/","name":"GalBaia - Za vas in za va\u0161o ko\u017eo - lepota iz narave za va\u0161o lepoto","isPartOf":{"@id":"https:\/\/galbaia.com\/#website"},"datePublished":"2022-06-25T09:30:20+00:00","dateModified":"2024-07-01T10:07:18+00:00","description":"Ustanoviteljica Nata\u0161a Tav\u010dar je svoje znanje po magistrskem \u0161tudiju kozmetike nadgradila \u0161e na \u0161oli organske kozmetike Formula Botanica.","breadcrumb":{"@id":"https:\/\/galbaia.com\/sl\/#breadcrumb"},"inLanguage":"sl-SI","potentialAction":[{"@type":"ReadAction","target":["https:\/\/galbaia.com\/sl\/"]}]},{"@type":"BreadcrumbList","@id":"https:\/\/galbaia.com\/sl\/#breadcrumb","itemListElement":[{"@type":"ListItem","position":1,"name":"Home","item":"https:\/\/galbaia.com\/sl\/"},{"@type":"ListItem","position":2,"name":"Domov"}]},{"@type":"WebSite","@id":"https:\/\/galbaia.com\/#website","url":"https:\/\/galbaia.com\/","name":"GalBaia","description":"Za vas in za va\u0161o ko\u017eo - lepota iz narave za va\u0161o lepoto.","potentialAction":[{"@type":"SearchAction","target":{"@type":"EntryPoint","urlTemplate":"https:\/\/galbaia.com\/?s={search_term_string}"},"query-input":"required name=search_term_string"}],"inLanguage":"sl-SI"}]}},"_links":{"self":[{"href":"https:\/\/galbaia.com\/sl\/wp-json\/wp\/v2\/pages\/15","targetHints":{"allow":["GET"]}}],"collection":[{"href":"https:\/\/galbaia.com\/sl\/wp-json\/wp\/v2\/pages"}],"about":[{"href":"https:\/\/galbaia.com\/sl\/wp-json\/wp\/v2\/types\/page"}],"author":[{"embeddable":true,"href":"https:\/\/galbaia.com\/sl\/wp-json\/wp\/v2\/users\/1"}],"replies":[{"embeddable":true,"href":"https:\/\/galbaia.com\/sl\/wp-json\/wp\/v2\/comments?post=15"}],"version-history":[{"count":56,"href":"https:\/\/galbaia.com\/sl\/wp-json\/wp\/v2\/pages\/15\/revisions"}],"predecessor-version":[{"id":11909,"href":"https:\/\/galbaia.com\/sl\/wp-json\/wp\/v2\/pages\/15\/revisions\/11909"}],"wp:attachment":[{"href":"https:\/\/galbaia.com\/sl\/wp-json\/wp\/v2\/media?parent=15"}],"curies":[{"name":"wp","href":"https:\/\/api.w.org\/{rel}","templated":true}]}}